{"id":23441,"date":"2021-03-23T13:59:26","date_gmt":"2021-03-23T13:59:26","guid":{"rendered":"https:\/\/allgoodkeys.com\/como-activar-office-by-phone-guia-de-activacion\/"},"modified":"2023-10-16T15:34:26","modified_gmt":"2023-10-16T15:34:26","slug":"como-activar-office-by-phone-guia-de-activacion","status":"publish","type":"page","link":"https:\/\/allgoodkeys.com\/es\/como-activar-office-by-phone-guia-de-activacion\/","title":{"rendered":"C\u00f3mo activar Office by Phone? Gu\u00eda de activaci\u00f3n"},"content":{"rendered":"\t\t<div data-elementor-type=\"wp-page\" data-elementor-id=\"23441\" class=\"elementor elementor-23441 elementor-1895\">\n\t\t\t\t\t\t<section class=\"wd-negative-gap elementor-section elementor-top-section elementor-element elementor-element-78c23a8 elementor-section-boxed elementor-section-height-default elementor-section-height-default\" data-id=\"78c23a8\" data-element_type=\"section\" data-e-type=\"section\">\n\t\t\t\t\t\t<div class=\"elementor-container elementor-column-gap-default\">\n\t\t\t\t\t<div class=\"elementor-column elementor-col-100 elementor-top-column elementor-element elementor-element-94e4ef0\" data-id=\"94e4ef0\" data-element_type=\"column\" data-e-type=\"column\">\n\t\t\t<div class=\"elementor-widget-wrap elementor-element-populated\">\n\t\t\t\t\t\t<div class=\"elementor-element elementor-element-e299fcf wd-width-100 elementor-widget elementor-widget-wd_title\" data-id=\"e299fcf\" data-element_type=\"widget\" data-e-type=\"widget\" data-widget_type=\"wd_title.default\">\n\t\t\t\t<div class=\"elementor-widget-container\">\n\t\t\t\t\t\t\t<div class=\"title-wrapper wd-set-mb reset-last-child wd-title-color-default wd-title-style-default wd-title-size-default text-center\">\n\n\t\t\t\n\t\t\t<div class=\"liner-continer\">\n\t\t\t\t<h2 class=\"woodmart-title-container title wd-fontsize-l\">C\u00f3mo activo Office por tel\u00e9fono?<\/h2> \n\t\t\t\t\t\t\t<\/div>\n\n\t\t\t\t\t<\/div>\n\t\t\t\t\t\t<\/div>\n\t\t\t\t<\/div>\n\t\t\t\t\t<\/div>\n\t\t<\/div>\n\t\t\t\t\t<\/div>\n\t\t<\/section>\n\t\t\t\t<section class=\"wd-negative-gap elementor-section elementor-top-section elementor-element elementor-element-d365eb9 elementor-section-boxed elementor-section-height-default elementor-section-height-default\" data-id=\"d365eb9\" data-element_type=\"section\" data-e-type=\"section\">\n\t\t\t\t\t\t<div class=\"elementor-container elementor-column-gap-default\">\n\t\t\t\t\t<div class=\"elementor-column elementor-col-100 elementor-top-column elementor-element elementor-element-6ce33f6\" data-id=\"6ce33f6\" data-element_type=\"column\" data-e-type=\"column\">\n\t\t\t<div class=\"elementor-widget-wrap elementor-element-populated\">\n\t\t\t\t\t\t<div class=\"elementor-element elementor-element-41d5cf7 elementor-widget elementor-widget-heading\" data-id=\"41d5cf7\" data-element_type=\"widget\" data-e-type=\"widget\" data-widget_type=\"heading.default\">\n\t\t\t\t<div class=\"elementor-widget-container\">\n\t\t\t\t\t<h5 class=\"elementor-heading-title elementor-size-small\">A continuaci\u00f3n se muestra el mensaje est\u00e1ndar que recibir\u00e1 para solicitar la activaci\u00f3n del tel\u00e9fono.<\/h5>\t\t\t\t<\/div>\n\t\t\t\t<\/div>\n\t\t\t\t<div class=\"elementor-element elementor-element-bd21121 elementor-widget elementor-widget-image\" data-id=\"bd21121\" data-element_type=\"widget\" data-e-type=\"widget\" data-widget_type=\"image.default\">\n\t\t\t\t<div class=\"elementor-widget-container\">\n\t\t\t\t\t\t\t\t\t\t\t\t\t\t\t<img decoding=\"async\" width=\"547\" height=\"410\" src=\"https:\/\/allgoodkeys.com\/wp-content\/uploads\/2021\/03\/1a.png\" class=\"attachment-large size-large wp-image-10774\" alt=\"\" srcset=\"https:\/\/allgoodkeys.com\/wp-content\/uploads\/2021\/03\/1a.png 547w, https:\/\/allgoodkeys.com\/wp-content\/uploads\/2021\/03\/1a-250x187.png 250w, https:\/\/allgoodkeys.com\/wp-content\/uploads\/2021\/03\/1a-300x225.png 300w\" sizes=\"(max-width: 547px) 100vw, 547px\" \/>\t\t\t\t\t\t\t\t\t\t\t\t\t\t\t<\/div>\n\t\t\t\t<\/div>\n\t\t\t\t<div class=\"elementor-element elementor-element-ca8e33d elementor-widget elementor-widget-image-box\" data-id=\"ca8e33d\" data-element_type=\"widget\" data-e-type=\"widget\" data-widget_type=\"image-box.default\">\n\t\t\t\t<div class=\"elementor-widget-container\">\n\t\t\t\t\t<div class=\"elementor-image-box-wrapper\"><div class=\"elementor-image-box-content\"><p class=\"elementor-image-box-description\"><br>\nSi tiene el siguiente mensaje de error anterior al intentar activar Office 2019\/2016 con su clave de licencia, consulte a continuaci\u00f3n.<br>\n\nPara iniciar el sencillo proceso de activaci\u00f3n por tel\u00e9fono, consulte a continuaci\u00f3n \n<\/p><\/div><\/div>\t\t\t\t<\/div>\n\t\t\t\t<\/div>\n\t\t\t\t<div class=\"elementor-element elementor-element-ae3ee75 wd-width-100 elementor-widget elementor-widget-wd_title\" data-id=\"ae3ee75\" data-element_type=\"widget\" data-e-type=\"widget\" data-widget_type=\"wd_title.default\">\n\t\t\t\t<div class=\"elementor-widget-container\">\n\t\t\t\t\t\t\t<div class=\"title-wrapper wd-set-mb reset-last-child wd-title-color-default wd-title-style-default wd-title-size-default text-center\">\n\n\t\t\t\n\t\t\t<div class=\"liner-continer\">\n\t\t\t\t<h4 class=\"woodmart-title-container title wd-fontsize-l\"><br \/>\nM\u00e9todo 1<\/h4> \n\t\t\t\t\t\t\t<\/div>\n\n\t\t\t\t\t\t\t<div class=\"title-after_title reset-last-child wd-fontsize-xs\">\n\t\t\t\t\t<p><strong>Usar: <a href=\"https:\/\/allgoodkeys.com\/es\/obtener-el-id-de-confirmacion-en-linea\/\" target=\"_blank\" rel=\"noopener\">Obtener Confirmaci\u00f3n Id Online <\/a> <\/strong><\/p><p><strong>(Este servicio NO funciona en este momento)<\/strong><\/p>\t\t\t\t<\/div>\n\t\t\t\t\t<\/div>\n\t\t\t\t\t\t<\/div>\n\t\t\t\t<\/div>\n\t\t\t\t\t<\/div>\n\t\t<\/div>\n\t\t\t\t\t<\/div>\n\t\t<\/section>\n\t\t\t\t<section class=\"wd-negative-gap elementor-section elementor-top-section elementor-element elementor-element-2c708a9 elementor-section-boxed elementor-section-height-default elementor-section-height-default\" data-id=\"2c708a9\" data-element_type=\"section\" data-e-type=\"section\">\n\t\t\t\t\t\t<div class=\"elementor-container elementor-column-gap-default\">\n\t\t\t\t\t<div class=\"elementor-column elementor-col-100 elementor-top-column elementor-element elementor-element-b324918\" data-id=\"b324918\" data-element_type=\"column\" data-e-type=\"column\">\n\t\t\t<div class=\"elementor-widget-wrap elementor-element-populated\">\n\t\t\t\t\t\t<div class=\"elementor-element elementor-element-5629dab elementor-widget elementor-widget-image\" data-id=\"5629dab\" data-element_type=\"widget\" data-e-type=\"widget\" data-widget_type=\"image.default\">\n\t\t\t\t<div class=\"elementor-widget-container\">\n\t\t\t\t\t\t\t\t\t\t\t\t\t\t\t<img decoding=\"async\" width=\"547\" height=\"410\" src=\"https:\/\/allgoodkeys.com\/wp-content\/uploads\/2021\/03\/2.png\" class=\"attachment-large size-large wp-image-10779\" alt=\"\" srcset=\"https:\/\/allgoodkeys.com\/wp-content\/uploads\/2021\/03\/2.png 547w, https:\/\/allgoodkeys.com\/wp-content\/uploads\/2021\/03\/2-250x187.png 250w, https:\/\/allgoodkeys.com\/wp-content\/uploads\/2021\/03\/2-300x225.png 300w\" sizes=\"(max-width: 547px) 100vw, 547px\" \/>\t\t\t\t\t\t\t\t\t\t\t\t\t\t\t<\/div>\n\t\t\t\t<\/div>\n\t\t\t\t<div class=\"elementor-element elementor-element-f3d9fb3 text-center color-scheme-inherit elementor-widget elementor-widget-text-editor\" data-id=\"f3d9fb3\" data-element_type=\"widget\" data-e-type=\"widget\" data-widget_type=\"text-editor.default\">\n\t\t\t\t<div class=\"elementor-widget-container\">\n\t\t\t\t\t\t\t\t\t<p>Ahora haga clic en <strong>NEXT<\/strong>.<\/p>\n<p>Primero seleccione su pa\u00eds<\/p>\n<p>Compruebe el ejemplo de estas ventanas a continuaci\u00f3n.<\/p>\t\t\t\t\t\t\t\t<\/div>\n\t\t\t\t<\/div>\n\t\t\t\t<div class=\"elementor-element elementor-element-73ebf6a elementor-widget elementor-widget-image\" data-id=\"73ebf6a\" data-element_type=\"widget\" data-e-type=\"widget\" data-widget_type=\"image.default\">\n\t\t\t\t<div class=\"elementor-widget-container\">\n\t\t\t\t\t\t\t\t\t\t\t\t\t\t\t<img decoding=\"async\" width=\"547\" height=\"410\" src=\"https:\/\/allgoodkeys.com\/wp-content\/uploads\/2021\/03\/3.png\" class=\"attachment-large size-large wp-image-10784\" alt=\"\" srcset=\"https:\/\/allgoodkeys.com\/wp-content\/uploads\/2021\/03\/3.png 547w, https:\/\/allgoodkeys.com\/wp-content\/uploads\/2021\/03\/3-250x187.png 250w, https:\/\/allgoodkeys.com\/wp-content\/uploads\/2021\/03\/3-300x225.png 300w\" sizes=\"(max-width: 547px) 100vw, 547px\" \/>\t\t\t\t\t\t\t\t\t\t\t\t\t\t\t<\/div>\n\t\t\t\t<\/div>\n\t\t\t\t<div class=\"elementor-element elementor-element-4a37e73 elementor-widget elementor-widget-wd_text_block\" data-id=\"4a37e73\" data-element_type=\"widget\" data-e-type=\"widget\" data-widget_type=\"wd_text_block.default\">\n\t\t\t\t<div class=\"elementor-widget-container\">\n\t\t\t\t\t\t\t<div class=\"wd-text-block reset-last-child text-center\">\n\t\t\t\n\t\t\t<ol>\n<li>Copie el Id. de instalaci\u00f3n que se muestra en el paso 2 en un Portapapeles de su PC.<\/li>\n<li>Ir a: <span style=\"text-decoration: underline;\"><br \/>\n  <strong><br \/>\n    <a href=\"https:\/\/allgoodkeys.com\/es\/obtener-el-id-de-confirmacion-en-linea\/\" target=\"_blank\" rel=\"noopener\">Obtener el identificador de confirmaci\u00f3n en l\u00ednea <\/a><br \/>\n  <\/strong><br \/>\n<\/span> <\/li>\n<li>Introduzca el Id. de instalaci\u00f3n que copi\u00f3 en el cuadro Portapapeles en el Id. de instalaci\u00f3n (IDD).<\/li>\n<li>  Haz clic en Obtener.<\/li>\n<li>\n<p>  Copie el identificador de confirmaci\u00f3n (CID).<\/p>\n<\/li>\n<li>\n<p>  Introduzca el ID de confirmaci\u00f3n (CID) en las casillas A B C.. y haga clic en <strong>Siguiente.<\/strong><\/p>\n<\/li>\n<\/ol>\n\n\t\t\t\t\t<\/div>\n\t\t\t\t\t\t<\/div>\n\t\t\t\t<\/div>\n\t\t\t\t<div class=\"elementor-element elementor-element-4234591 elementor-widget elementor-widget-image\" data-id=\"4234591\" data-element_type=\"widget\" data-e-type=\"widget\" data-widget_type=\"image.default\">\n\t\t\t\t<div class=\"elementor-widget-container\">\n\t\t\t\t\t\t\t\t\t\t\t\t\t\t\t<img decoding=\"async\" width=\"547\" height=\"410\" src=\"https:\/\/allgoodkeys.com\/wp-content\/uploads\/2021\/03\/3.png\" class=\"attachment-large size-large wp-image-10784\" alt=\"\" srcset=\"https:\/\/allgoodkeys.com\/wp-content\/uploads\/2021\/03\/3.png 547w, https:\/\/allgoodkeys.com\/wp-content\/uploads\/2021\/03\/3-250x187.png 250w, https:\/\/allgoodkeys.com\/wp-content\/uploads\/2021\/03\/3-300x225.png 300w\" sizes=\"(max-width: 547px) 100vw, 547px\" \/>\t\t\t\t\t\t\t\t\t\t\t\t\t\t\t<\/div>\n\t\t\t\t<\/div>\n\t\t\t\t<div class=\"elementor-element elementor-element-a230ad8 elementor-widget elementor-widget-wd_text_block\" data-id=\"a230ad8\" data-element_type=\"widget\" data-e-type=\"widget\" data-widget_type=\"wd_text_block.default\">\n\t\t\t\t<div class=\"elementor-widget-container\">\n\t\t\t\t\t\t\t<div class=\"wd-text-block reset-last-child text-center\">\n\t\t\t\n\t\t\t<p>7. La activaci\u00f3n de su Oficina est\u00e1 <strong>Realizada.<\/strong><\/p>\n\t\t\t\t\t<\/div>\n\t\t\t\t\t\t<\/div>\n\t\t\t\t<\/div>\n\t\t\t\t<div class=\"elementor-element elementor-element-805e06a elementor-widget elementor-widget-image\" data-id=\"805e06a\" data-element_type=\"widget\" data-e-type=\"widget\" data-widget_type=\"image.default\">\n\t\t\t\t<div class=\"elementor-widget-container\">\n\t\t\t\t\t\t\t\t\t\t\t\t\t\t\t\t<a href=\"http:\/\/allgoodkeys.com\/product\/office-2019-professional-plus-activation-key-lifetime\/\">\n\t\t\t\t\t\t\t<img decoding=\"async\" width=\"547\" height=\"410\" src=\"https:\/\/allgoodkeys.com\/wp-content\/uploads\/2021\/03\/4a.png\" class=\"attachment-large size-large wp-image-10789\" alt=\"\" srcset=\"https:\/\/allgoodkeys.com\/wp-content\/uploads\/2021\/03\/4a.png 547w, https:\/\/allgoodkeys.com\/wp-content\/uploads\/2021\/03\/4a-250x187.png 250w, https:\/\/allgoodkeys.com\/wp-content\/uploads\/2021\/03\/4a-300x225.png 300w\" sizes=\"(max-width: 547px) 100vw, 547px\" \/>\t\t\t\t\t\t\t\t<\/a>\n\t\t\t\t\t\t\t\t\t\t\t\t\t\t\t<\/div>\n\t\t\t\t<\/div>\n\t\t\t\t<div class=\"elementor-element elementor-element-eb9ba0f wd-width-100 elementor-widget elementor-widget-wd_title\" data-id=\"eb9ba0f\" data-element_type=\"widget\" data-e-type=\"widget\" data-widget_type=\"wd_title.default\">\n\t\t\t\t<div class=\"elementor-widget-container\">\n\t\t\t\t\t\t\t<div class=\"title-wrapper wd-set-mb reset-last-child wd-title-color-default wd-title-style-default wd-title-size-default text-center\">\n\n\t\t\t\n\t\t\t<div class=\"liner-continer\">\n\t\t\t\t<h4 class=\"woodmart-title-container title wd-fontsize-l\"><br \/>\n<br \/>\n<br \/>\nM\u00e9todo 2<\/h4> \n\t\t\t\t\t\t\t<\/div>\n\n\t\t\t\t\t\t\t<div class=\"title-after_title reset-last-child wd-fontsize-xs\">\n\t\t\t\t\t<p><strong>Llamar al Centro de Microsoft<br><\/strong><\/p><p> <\/p>\t\t\t\t<\/div>\n\t\t\t\t\t<\/div>\n\t\t\t\t\t\t<\/div>\n\t\t\t\t<\/div>\n\t\t\t\t<div class=\"elementor-element elementor-element-29ce9a3 elementor-widget elementor-widget-image\" data-id=\"29ce9a3\" data-element_type=\"widget\" data-e-type=\"widget\" data-widget_type=\"image.default\">\n\t\t\t\t<div class=\"elementor-widget-container\">\n\t\t\t\t\t\t\t\t\t\t\t\t\t\t\t<img decoding=\"async\" width=\"547\" height=\"410\" src=\"https:\/\/allgoodkeys.com\/wp-content\/uploads\/2021\/03\/2.png\" class=\"attachment-large size-large wp-image-10779\" alt=\"\" srcset=\"https:\/\/allgoodkeys.com\/wp-content\/uploads\/2021\/03\/2.png 547w, https:\/\/allgoodkeys.com\/wp-content\/uploads\/2021\/03\/2-250x187.png 250w, https:\/\/allgoodkeys.com\/wp-content\/uploads\/2021\/03\/2-300x225.png 300w\" sizes=\"(max-width: 547px) 100vw, 547px\" \/>\t\t\t\t\t\t\t\t\t\t\t\t\t\t\t<\/div>\n\t\t\t\t<\/div>\n\t\t\t\t<div class=\"elementor-element elementor-element-16166c1 text-center color-scheme-inherit elementor-widget elementor-widget-text-editor\" data-id=\"16166c1\" data-element_type=\"widget\" data-e-type=\"widget\" data-widget_type=\"text-editor.default\">\n\t\t\t\t<div class=\"elementor-widget-container\">\n\t\t\t\t\t\t\t\t\t<p>Ahora haga clic en junto a <strong>SIGUIENTE<\/strong> .<\/p>\n<p>Ver\u00e1s el apartado de activaci\u00f3n telef\u00f3nica.<\/p>\n<p>Primero seleccione su pa\u00eds, esto le permitir\u00e1 a Microsoft generarle un n\u00famero de tel\u00e9fono para llamar.<\/p>\n<p>Si el n\u00famero no funciona o no puede ver uno <u><strong><a href=\"http:\/\/allgoodkeys.com\/microsoft-licensing-activation-centers\/\">, haga clic aqu\u00ed<\/a> .<\/strong><\/u><\/p>\n<p>Llame al n\u00famero de tel\u00e9fono que coincida con su pa\u00eds.<\/p>\n<p>A continuaci\u00f3n se muestra un ejemplo de esta ventana.<\/p>\n\t\t\t\t\t\t\t\t<\/div>\n\t\t\t\t<\/div>\n\t\t\t\t\t<\/div>\n\t\t<\/div>\n\t\t\t\t\t<\/div>\n\t\t<\/section>\n\t\t\t\t<section class=\"wd-negative-gap elementor-section elementor-top-section elementor-element elementor-element-bab156d elementor-section-boxed elementor-section-height-default elementor-section-height-default\" data-id=\"bab156d\" data-element_type=\"section\" data-e-type=\"section\">\n\t\t\t\t\t\t<div class=\"elementor-container elementor-column-gap-default\">\n\t\t\t\t\t<div class=\"elementor-column elementor-col-100 elementor-top-column elementor-element elementor-element-afc7284\" data-id=\"afc7284\" data-element_type=\"column\" data-e-type=\"column\">\n\t\t\t<div class=\"elementor-widget-wrap elementor-element-populated\">\n\t\t\t\t\t\t<div class=\"elementor-element elementor-element-8ef0514 elementor-widget elementor-widget-image\" data-id=\"8ef0514\" data-element_type=\"widget\" data-e-type=\"widget\" data-widget_type=\"image.default\">\n\t\t\t\t<div class=\"elementor-widget-container\">\n\t\t\t\t\t\t\t\t\t\t\t\t\t\t\t<img decoding=\"async\" width=\"547\" height=\"410\" src=\"https:\/\/allgoodkeys.com\/wp-content\/uploads\/2021\/03\/3.png\" class=\"attachment-large size-large wp-image-10784\" alt=\"\" srcset=\"https:\/\/allgoodkeys.com\/wp-content\/uploads\/2021\/03\/3.png 547w, https:\/\/allgoodkeys.com\/wp-content\/uploads\/2021\/03\/3-250x187.png 250w, https:\/\/allgoodkeys.com\/wp-content\/uploads\/2021\/03\/3-300x225.png 300w\" sizes=\"(max-width: 547px) 100vw, 547px\" \/>\t\t\t\t\t\t\t\t\t\t\t\t\t\t\t<\/div>\n\t\t\t\t<\/div>\n\t\t\t\t<div class=\"elementor-element elementor-element-2a1b932 text-center color-scheme-inherit elementor-widget elementor-widget-text-editor\" data-id=\"2a1b932\" data-element_type=\"widget\" data-e-type=\"widget\" data-widget_type=\"text-editor.default\">\n\t\t\t\t<div class=\"elementor-widget-container\">\n\t\t\t\t\t\t\t\t\t<p><strong>Siga los pasos a continuaci\u00f3n para saber c\u00f3mo activar Office 2019 por tel\u00e9fono:<\/strong><\/p>\n<p><strong>1<\/strong> &#8211; Comience llamando a su n\u00famero elegido.<\/p>\n<p><strong>2<\/strong> &#8211; Ahora presione la opci\u00f3n 1 para aceptar la grabaci\u00f3n de llamadas.<\/p>\n<p><strong>3<\/strong> &#8211; Introduzca el n\u00famero de seguridad generado autom\u00e1ticamente si se le solicita en el teclado del tel\u00e9fono.<\/p>\n<p><strong>4<\/strong> &#8211; Ahora presione la opci\u00f3n 3, NO presione la opci\u00f3n 2, esto fallar\u00e1 la activaci\u00f3n.<\/p>\n<p><strong>5<\/strong> &#8211; Ahora presione la opci\u00f3n 1.<\/p>\n<p>Microsoft ahora le pedir\u00e1 su ID de instalaci\u00f3n, escr\u00edbalo con cuidado en el teclado de su tel\u00e9fono.<\/p>\n<p><strong>6<\/strong> &#8211; Ahora se le preguntar\u00e1 cu\u00e1ntos usos, presione 0. (La raz\u00f3n por la que elegimos 0 ya que a\u00fan no ha activado esto en ninguna PC)<\/p>\n<p><strong>7<\/strong> -El sistema automatizado ahora verificar\u00e1 su ID de instalaci\u00f3n y le generar\u00e1 una ID de confirmaci\u00f3n <\/p>\n<p>* (si no se ve al final de la p\u00e1gina)<\/p>\n<p><strong>8<\/strong> -Escriba cuidadosamente la ID de confirmaci\u00f3n en su PC y presione siguiente.<\/p>\n<p><strong>9<\/strong> -Su activaci\u00f3n es exitosa y est\u00e1 completamente instalada en su PC.<\/p>\n<p><strong>10<\/strong> -ahora presione la opci\u00f3n 2 en el teclado de su tel\u00e9fono para completar la activaci\u00f3n.<\/p>\n<p>Por favor, vea la imagen de abajo.<\/p>\n\t\t\t\t\t\t\t\t<\/div>\n\t\t\t\t<\/div>\n\t\t\t\t\t<\/div>\n\t\t<\/div>\n\t\t\t\t\t<\/div>\n\t\t<\/section>\n\t\t\t\t<section class=\"wd-negative-gap elementor-section elementor-top-section elementor-element elementor-element-030e8de elementor-section-boxed elementor-section-height-default elementor-section-height-default\" data-id=\"030e8de\" data-element_type=\"section\" data-e-type=\"section\">\n\t\t\t\t\t\t<div class=\"elementor-container elementor-column-gap-default\">\n\t\t\t\t\t<div class=\"elementor-column elementor-col-100 elementor-top-column elementor-element elementor-element-20c567c\" data-id=\"20c567c\" data-element_type=\"column\" data-e-type=\"column\">\n\t\t\t<div class=\"elementor-widget-wrap elementor-element-populated\">\n\t\t\t\t\t\t<div class=\"elementor-element elementor-element-4c0ad09 elementor-widget elementor-widget-image\" data-id=\"4c0ad09\" data-element_type=\"widget\" data-e-type=\"widget\" data-widget_type=\"image.default\">\n\t\t\t\t<div class=\"elementor-widget-container\">\n\t\t\t\t\t\t\t\t\t\t\t\t\t\t\t\t<a href=\"http:\/\/allgoodkeys.com\/product\/office-2019-professional-plus-activation-key-lifetime\/\">\n\t\t\t\t\t\t\t<img decoding=\"async\" width=\"547\" height=\"410\" src=\"https:\/\/allgoodkeys.com\/wp-content\/uploads\/2021\/03\/4a.png\" class=\"attachment-large size-large wp-image-10789\" alt=\"\" srcset=\"https:\/\/allgoodkeys.com\/wp-content\/uploads\/2021\/03\/4a.png 547w, https:\/\/allgoodkeys.com\/wp-content\/uploads\/2021\/03\/4a-250x187.png 250w, https:\/\/allgoodkeys.com\/wp-content\/uploads\/2021\/03\/4a-300x225.png 300w\" sizes=\"(max-width: 547px) 100vw, 547px\" \/>\t\t\t\t\t\t\t\t<\/a>\n\t\t\t\t\t\t\t\t\t\t\t\t\t\t\t<\/div>\n\t\t\t\t<\/div>\n\t\t\t\t<div class=\"elementor-element elementor-element-bbe190a elementor-widget elementor-widget-wd_text_block\" data-id=\"bbe190a\" data-element_type=\"widget\" data-e-type=\"widget\" data-widget_type=\"wd_text_block.default\">\n\t\t\t\t<div class=\"elementor-widget-container\">\n\t\t\t\t\t\t\t<div class=\"wd-text-block reset-last-child text-center\">\n\t\t\t\n\t\t\t<p>* Si tiene alg\u00fan problema para recopilar su ID de confirmaci\u00f3n, env\u00edenos un <a href=\"https:\/\/allgoodkeys.com\/es\/contactenos\/\"><b>correo electr\u00f3nico con<\/b><\/a> su ID de activaci\u00f3n. <br>Una vez que tengamos esto, procesaremos su ID de activaci\u00f3n y le enviaremos su ID de confirmaci\u00f3n. <br>Tambi\u00e9n deber\u00e1 enviarnos su n\u00famero de pedido.<\/p>\n\t\t\t\t\t<\/div>\n\t\t\t\t\t\t<\/div>\n\t\t\t\t<\/div>\n\t\t\t\t\t<\/div>\n\t\t<\/div>\n\t\t\t\t\t<\/div>\n\t\t<\/section>\n\t\t\t\t<\/div>\n\t\t","protected":false},"excerpt":{"rendered":"<p>C\u00f3mo activo Office por tel\u00e9fono? A continuaci\u00f3n se muestra el mensaje est\u00e1ndar que recibir\u00e1 para solicitar la activaci\u00f3n del tel\u00e9fono.<\/p>\n","protected":false},"author":1,"featured_media":0,"parent":0,"menu_order":0,"comment_status":"closed","ping_status":"closed","template":"","meta":{"footnotes":""},"class_list":["post-23441","page","type-page","status-publish","hentry"],"jetpack_sharing_enabled":true,"_links":{"self":[{"href":"https:\/\/allgoodkeys.com\/es\/wp-json\/wp\/v2\/pages\/23441","targetHints":{"allow":["GET"]}}],"collection":[{"href":"https:\/\/allgoodkeys.com\/es\/wp-json\/wp\/v2\/pages"}],"about":[{"href":"https:\/\/allgoodkeys.com\/es\/wp-json\/wp\/v2\/types\/page"}],"author":[{"embeddable":true,"href":"https:\/\/allgoodkeys.com\/es\/wp-json\/wp\/v2\/users\/1"}],"replies":[{"embeddable":true,"href":"https:\/\/allgoodkeys.com\/es\/wp-json\/wp\/v2\/comments?post=23441"}],"version-history":[{"count":0,"href":"https:\/\/allgoodkeys.com\/es\/wp-json\/wp\/v2\/pages\/23441\/revisions"}],"wp:attachment":[{"href":"https:\/\/allgoodkeys.com\/es\/wp-json\/wp\/v2\/media?parent=23441"}],"curies":[{"name":"wp","href":"https:\/\/api.w.org\/{rel}","templated":true}]}}