{"id":22663,"date":"2022-07-14T20:34:24","date_gmt":"2022-07-14T20:34:24","guid":{"rendered":"https:\/\/allgoodkeys.com\/centros-de-activacion-de-licencias-de-microsoft\/"},"modified":"2022-10-03T06:03:51","modified_gmt":"2022-10-03T06:03:51","slug":"centros-de-activacion-de-licencias-de-microsoft","status":"publish","type":"page","link":"https:\/\/allgoodkeys.com\/es\/centros-de-activacion-de-licencias-de-microsoft\/","title":{"rendered":"Centros de activaci\u00f3n de licencias de Microsoft"},"content":{"rendered":"\t\t<div data-elementor-type=\"wp-page\" data-elementor-id=\"22663\" class=\"elementor elementor-22663 elementor-18995\">\n\t\t\t\t\t\t<section class=\"wd-negative-gap elementor-section elementor-top-section elementor-element elementor-element-2895a57 elementor-section-boxed elementor-section-height-default elementor-section-height-default\" data-id=\"2895a57\" data-element_type=\"section\" data-e-type=\"section\">\n\t\t\t\t\t\t<div class=\"elementor-container elementor-column-gap-default\">\n\t\t\t\t\t<div class=\"elementor-column elementor-col-100 elementor-top-column elementor-element elementor-element-ae8b51a\" data-id=\"ae8b51a\" data-element_type=\"column\" data-e-type=\"column\">\n\t\t\t<div class=\"elementor-widget-wrap elementor-element-populated\">\n\t\t\t\t\t\t<div class=\"elementor-element elementor-element-3d2b3bd color-scheme-inherit text-left elementor-widget elementor-widget-text-editor\" data-id=\"3d2b3bd\" data-element_type=\"widget\" data-e-type=\"widget\" data-widget_type=\"text-editor.default\">\n\t\t\t\t<div class=\"elementor-widget-container\">\n\t\t\t\t\t\t\t\t\t<p><strong>Estados Unidos<\/strong> (716) 871 2781 o (888) 352 7140  <br \/><strong>Reino Unido<\/strong> (44) (203) 147 4930 o (0) (800) 018 8354<\/p>\n<p>Albania (389) (2) 30 90 890  <br \/>Argelia (+213) (21) 89 10 70  <br \/>Samoa Americana (61) (2) 9870 2131  <br \/>Andorra (33) (1) 7226 6080 (franc\u00e9s) &amp;<br \/>(34) (91) 114 1464 (espa\u00f1ol)<br \/>Angola (351) 214 154 065  <br \/>Anguila (54) (11) 4317 2626 (1) (866) 993 9301<br \/>Ant\u00e1rtida (61) (2) 9870 2131  <br \/>Antigua y Barbuda (305) 418 9136 (1) (866) 993 9303<br \/>Argentina (54) 11 5776 1000 (0) 800 222 9467<br \/>Armenia (7) (495) 745 5445 (Mosc\u00fa, Rusia)  <br \/>Aruba (1) (305) 603 4466  <br \/>Australia (61) (2) 9870 2131 1800 642 008<br \/>Austria (43) (1) 795 673 56 (00) (800) 22 84 82 83<br \/>Azerbaiy\u00e1n (7) (495) 745 5445 (Mosc\u00fa, Rusia)  <br \/>Bahamas (54) (11) 4317 2626 (1) (866) 317 5700<br \/>Bahrein (971) (4) 391 7000  <br \/>Bangladesh (65) 6324 8098 N\/A<br \/>Barbados (54) (11) 4317 2626 (1) (800) 534 3365<br \/>Bielorrusia (7) (495) 745 5445 (Mosc\u00fa, Rusia) (8) (820) 0071 0004<br \/>B\u00e9lgica (32) (2) 401 2650 (0) (800) 40758<br \/>Belice (1) (305) 603 4466 N\/A<br \/>Ben\u00edn (225) 20 24 24 90 N\/A<br \/>Bermudas (716) 871 2919 (1) (866) 263 1098<br \/>But\u00e1n (65) 6324 8098 N\/A<br \/>Bolivia N\/A (800) 100 359<br \/>Bosnia y Herzegovina (387) (33) 606 100 (0) (800) 20 230<br \/>Botsuana (27) (11) 361 7000 N\/A<br \/>Isla Bouvet (47) (23) 162 126 N\/A<br \/>Brasil (11) 3217 3521 (0) (800) 888 4081<br \/>Territorio Brit\u00e1nico del Oc\u00e9ano \u00cdndico (27) (11) 361 7000 N\/A<br \/>Brunei (65) 6324 8098 N\/A<br \/>Bulgaria (359) (2) 965 7100 (0) (800) 1 5555<br \/>Burkina Faso (225) 20 24 24 90 N\/A<br \/>Burundi (225) 20 24 24 90 N\/A<br \/>Camboya (65) 6324 8098 N\/A<br \/>Camer\u00fan (225) 20 24 24 90 N\/A<br \/>Canad\u00e1 (716) 871 2781 (888) 352 7140<br \/>Cabo Verde (351) 214 154 065 N\/A<br \/>Islas Caim\u00e1n (54) (11) 4317 2626 (1) (866) 263 7308<br \/>Rep\u00fablica Centroafricana (225) 20 24 24 90 N\/A<br \/>Chad (225) 20 24 24 90 N\/A<br \/>Chile N\/A (800) 330 600<br \/>China N\/A (800) 830 1832<br \/>Isla de Navidad (61) (2) 9870 2131 N\/A<br \/>Islas Cocos (Keeling) (61) (2) 9870 2131 N\/A<br \/>Colombia N\/A (01) (800) 051 0595<br \/>Comoras (27) (11) 361 7000 N\/A<br \/>Congo (RDC) (225) 20 24 24 90 N\/A<br \/>Islas Cook (61) (2) 9870 2131 N\/A<br \/>Costa Rica N\/A (0) (800) 012 1446<br \/>Costa de Marfil N\/A 80 00 09 99<br \/>Croacia (385) (1) 789 0 300 (0) (800) 300<br \/>Chipre N\/A (800) 90 900<br \/>Rep\u00fablica Checa (420) 225 990 844 (0800) 100 074<br \/>Dinamarca (45) 38 487 131 (807) 01315<br \/>Yibuti (225) 20 24 24 90 N\/A<br \/>Dominica (54) (11) 4317 2626 (1) (866) 993 9311<br \/>Rep\u00fablica Dominicana N\/A (1) (888) 751 2323<br \/>Ecuador N\/A (1) (800) 258 025<br \/>Egipto (20) (2) 3539 3333 N\/A<br \/>El Salvador N\/A 800 7054<br \/>Guinea Ecuatorial (225) 20 24 24 90 N\/A<br \/>Eritrea (254) 20 286 8800 N\/A<br \/>Estonia (372) 686 8820 8002230<br \/>Etiop\u00eda (254) 20 286 8800 N\/A<br \/>Islas Malvinas (Falkland Islands) (1) (305) 603 4466 N\/A<br \/>Islas Feroe (45) 38 487 131 N\/A<br \/>Islas Fiji (61) (2) 9870 2131 N\/A<br \/>Finlandia (358) 800 118 062 (0) (800) 770 215<br \/>Francia (33) (1) 7226 6080 (0) (805) 110 235<br \/>Francia, Metropolitana (33) (1) 5517 4075 N\/A<br \/>Guayana Francesa (1) (305) 603 4466 0800 779 809<br \/>Polinesia Francesa (33) (1) 7226 6080 N\/A<br \/>Tierras Australes y Ant\u00e1rticas Francesas (33) (1) 7226 6080 N\/A<br \/>Gab\u00f3n (225) 20 24 24 90 N\/A<br \/>Gambia (225) 20 24 24 90 N\/A<br \/>Georgia (7) (495) 745 5445 (Mosc\u00fa, Rusia) N\/A<br \/>Alemania (49) 89 2444 5093 (0) (800) 284 8283<br \/>Ghana (44) (203) 147 4930 N\/A<br \/>Gibraltar (44) (203) 147 4930 N\/A<br \/>Grecia (44) (870) 2411 963 800 11 43100<br \/>Groenlandia (45) 38 487 131 N\/A<br \/>Granada (54) (11) 4317 2626 (1) (866) 993 9312<br \/>Guadalupe (1) (305) 603 4466 N\/A<br \/>Guam (61) (2) 9870 2131 N\/A<br \/>Guatemala N\/A (1) (801) 13 00100<br \/>Guinea (225) 20 24 24 90 N\/A<br \/>Guinea Bissau (225) 20 24 24 90 N\/A<br \/>Guyana (1) (305) 603 4466 N\/A<br \/>Hait\u00ed (54) (11) 4317 2626 193 &#8211; pin 3141<br \/>Isla Heard e Islas McDonald (61) (2) 9870 2131 N\/A<br \/>Honduras N\/A 8000 0122 &#8211; pin 5009<br \/>Hong Kong SAR (852) 2904 2198 N\/A<br \/>Hungr\u00eda (36) (1) 267 4636 (06) 800 18749<br \/>Islandia (47) (23) 162 126 800 8236<br \/>India (91) 80 4010 3000  <br \/>1800 572 1100 o 1800 102 1100<\/p>\n<p>Indonesia (65) 6324 8098 001 803 65 7668<br \/>Irak (971) (4) 391 7000<br \/>Irlanda (353) (1) 447 5390 (1) (800) 930 031<br \/>Israel (44) (870) 2411 963 (1) (800) 350 444<br \/>Italia (39) (02) 3604 6340 (800) 531 042<br \/>Jamaica (1) (800) 647 2701<br \/>Jap\u00f3n (81) (3) 6831 3460 0120 801 734<br \/>Jordania (962) (6) 5503451  <br \/>Kazajist\u00e1n (7) (727) 298 0127 (gratuito para Almaty) 8 800 0801001 (gratuito para Kazajist\u00e1n)<br \/>Kenia (254) (20) 286 8800  <br \/>Kiribati (61) (2) 9870 2131  <br \/>Corea 1577 9700 (s\u00f3lo peaje local en todo el pa\u00eds; no se aplican peajes de larga distancia)<br \/>Internacional: (82) (2) 567 7881 (Pueden aplicarse tarifas internacionales)<br \/>1577 9700<br \/>Kuwait (965) 2221 9876  <br \/>Kirguist\u00e1n (7) (495) 745 5445 (Mosc\u00fa, Rusia)  <br \/>Laos (65) 6324 8098  <br \/>Letonia (371) (67) 852 112 (802) 00920<br \/>L\u00edbano (961) (1) 974 035  <br \/>Lesoto (27) (11) 361 7000  <br \/>Liberia (225) 20 24 24 90  <br \/>Libia (218) (21) 3330356 o (20) (2) 376 4991<\/p>\n<p>Liechtenstein (41) (44) 580 7558<\/p>\n<p>Lituania (370) 520 51120  <br \/>800 22032<br \/>Luxemburgo (33) (1) 7226 6080 (Fr) o (49) 89 2444 5093 (Gn)  <br \/>(800) 2 99 77<br \/>RAE de Macao (852) 2904 2198<\/p>\n<p>Macedonia, (389) (2) 3090 890<\/p>\n<p>Madagascar (27) (11) 361 7000<\/p>\n<p>Malawi (27) (11) 361 7000<\/p>\n<p>Malasia (65) 6324 8098  <br \/>00 800 2468 1668<br \/>Maldivas (65) 6324 8098<\/p>\n<p>Mali (225) 2031 0500<\/p>\n<p>Malta (49) 2 515 003194  <br \/>(800) 65 432<br \/>Islas Marshall (61) (2) 9870 2131<\/p>\n<p>Martinica (1) (305) 603 4466<\/p>\n<p>Mauritania (212) (22) 95 61 53<\/p>\n<p>Mauricio (230) 202 8120<\/p>\n<p>Mayotte (61) (2) 9870 2131<\/p>\n<p>M\u00e9xico  <br \/>(01) (800) 527 2000<br \/>Micronesia (61) (2) 9870 2131  <br \/>Moldavia (4) (021) 203 61 53  <br \/>M\u00f3naco (33) (1) 7226 6080  <br \/>(0) (805) 11 02 35<br \/>Mongolia (7) (495) 745 5445 (Mosc\u00fa, Rusia)  <br \/>Montenegro (381) (11) 3305 500  <br \/>Montserrat (54) (11) 4317 2626 (1) (866) 993 9316<br \/>Marruecos (0801) 000 809<br \/>Mozambique (351) 214 154 065  <br \/>Myanmar (65) 6324 8098  <br \/>Namibia (27) (11) 361 7000  <br \/>Nauru (61) (2) 9870 2131  <br \/>Nepal (65) 6324 8098  <br \/>Pa\u00edses Bajos (31) (20) 713 9240 (0) (800) 023 3487<br \/>Antillas Neerlandesas (001) 8663 220 524<br \/>Nueva Caledonia (33) (1) 5517 4075  <br \/>Nueva Zelanda (0) (800) 676 334<br \/>Nicaragua (001) (800) 220 1804<br \/>N\u00edger (225) 20 24 24 90  <br \/>Nigeria (234) (1) 27 10 156  <br \/>Niue (61) (2) 9870 2131  <br \/>Isla de Norfolk (61) (2) 9870 2131  <br \/>Islas Marianas del Norte (61) (2) 9870 2131  <br \/>Noruega (47) 23 162 126 (800) 56 615<br \/>Om\u00e1n (968) 2444 6487  <br \/>Pakist\u00e1n  <br \/>(92) (21) 3536 9105  <br \/>(92) (30) 0070 2745  <br \/>(92) (30) 0070 2746  <br \/>(92) (30) 0070 2750<\/p>\n<p>Autoridad Palestina (962) (6) 462 6969<\/p>\n<p>Palau (61) (2) 9870 2131  <br \/>Panam\u00e1 (001) (800) 507 1885<br \/>Pap\u00faa Nueva Guinea (61) (2) 9870 2131<\/p>\n<p>Paraguay  <br \/>(009) (800) 542 0004<br \/>Per\u00fa N\/A (0) (800) 51 900<br \/>Filipinas (65) 6324 8098 00 800 2468 1668<br \/>Islas Pitcairn (61) (2) 9870 2131 N\/A<br \/>Polonia (48) (22) 594 19 99 *Puede estar sujeto a<br \/>las tarifas impuestas por su operador local.<br \/>(00) (800) 121 1654 *Puede estar sujeto a<br \/>las tarifas impuestas por su operador local.<br \/>Portugal (351) (214) 154 065 (800) 849 102<br \/>Puerto Rico N\/A (1) (866) 584 6059<br \/>Qatar (974) 4 411 9418 N\/A<br \/>Reuni\u00f3n (33) (1) 7226 6080 0800 822 222<br \/>Ruman\u00eda (40) (21) 204 70 15 0800 822 222<br \/>Rusia (7) (495) 745 5445 8 800 700 8002<br \/>Ruanda (225) 20 24 24 90 N\/A<br \/>Santa Elena (27) (11) 361 7000 N\/A<br \/>San Crist\u00f3bal y Nieves (54) (11) 4317 2626 (1) (866) 745 0644<br \/>Santa Luc\u00eda (54) (11) 4317 2626 (1) (866) 796 2893<br \/>San Mart\u00edn (1) (305) 603 4466 N\/A<br \/>San Pedro y Miquel\u00f3n (27) (11) 361 7000 N\/A<br \/>San Vicente y las Granadinas (54) (11) 4317 2626 (1) (866) 796 2899<br \/>Samoa (61) (2) 9870 2131 N\/A<br \/>San Marino (39) (02) 3604 6340 (800) 531 042<br \/>Santo Tom\u00e9 y Pr\u00edncipe (27) (11) 361 7000 N\/A<br \/>Arabia Saud\u00ed (966) (11) 298 8100 N\/A<br \/>Senegal (225) 20 24 24 90 N\/A<br \/>Serbia (381) (11) 3305 500 (0) 700 300 300<br \/>Seychelles (27) (11) 361 7000 N\/A<br \/>Sierra Leona (225) 2031 0500 N\/A<br \/>Singapur (65) 6324 8098 1800 324 8098<br \/>Eslovaquia (421) (2) 50 102 616 (0) (800) 178 278<br \/>Eslovenia (386) (1) 5853 449 080 8028<br \/>Islas Salom\u00f3n (61) (2) 9870 2131 N\/A<br \/>Somalia (27) (11) 361 7000 N\/A<br \/>Sud\u00e1frica (27) (11) 361 7000 (0) (801) 43 43 43<br \/>Georgia del Sur y las Islas Sandwich (54) (11) 4317 2626 N\/A<br \/>Espa\u00f1a (34) (91) 114 1464 (900) 150 889<br \/>Sri Lanka (65) 6324 8098 N\/A<br \/>Surinam (1) (305) 603 4466 N\/A<br \/>Svalbard y la isla de Jan Mayen (47) 23 162 26 N\/A<br \/>Suazilandia (27) (11) 361 7000 N\/A<br \/>Suecia (46) (8) 5033 4670 020 140 00 15<br \/>Somalia (27) (11) 361 7000 N\/A<br \/>Suiza (41) (44) 580 7558 (00) (800) 22848283<br \/>Taiw\u00e1n (886) (2) 8771 7276 00 800 2468 1668<br \/>Tayikist\u00e1n (7) (495) 745 5445 (Mosc\u00fa, Rusia) N\/A<br \/>Tanzania (27) (11) 361 7000 N\/A<br \/>Tailandia (65) 6324 8098 001 800 2468 1668<br \/>Timor-Leste (65) 6324 8098 N\/A<br \/>Togo (225) 20 24 24 90 N\/A<br \/>Tokelau (61) (2) 9870 2131 N\/A<br \/>Tonga (61) (2) 9870 2131 N\/A<br \/>Trinidad y Tobago N\/A (1) (888) 801 2598<br \/>T\u00fanez (216) 71 16 87 00 N\/A<br \/>Turqu\u00eda (90) (212) 33 66 999 0800 211 3939<br \/>Turkmenist\u00e1n (7) (495) 745 5445 (Mosc\u00fa, Rusia) N\/A<br \/>Islas Turcas y Caicos (54) (11) 4317 2626 (1) (866) 745 7616<br \/>Tuvalu (61) (2) 9870 2131 N\/A<br \/>Uganda (254) (20) 286 8800 N\/A<br \/>Ucrania (380) (44) 2305102 (0) (800) 308 8002<br \/>Emiratos \u00c1rabes Unidos (971) (4) 391 7000 N\/A<br \/>Reino Unido (44) (203) 147 4930 (0) (800) 018 8354<br \/>Islas menores de Estados Unidos (65) 324 8098  <br \/>Uruguay (000) 4054 349<br \/>Uzbekist\u00e1n (7) (495) 745 5445 (Mosc\u00fa, Rusia)  <br \/>Vanuatu (61) (2) 9870 2131 N\/A<br \/>Ciudad del Vaticano (39) (02) 3604 6340 (800) 531 042<br \/>Venezuela (0) (800) 642 7676<br \/>Vietnam (84) 4 935 1053<br \/>Fuera de Vietnam: 603 7712 4671<br \/>Islas V\u00edrgenes Brit\u00e1nicas (716) 871 2919 (1) (866) 993 9307<br \/>Islas V\u00edrgenes, EE.UU. (716) 871 2919 (1) (877) 678 8034<br \/>Wallis y Futuna (61) (2) 9870 2131  <br \/>Yemen (971) (4) 391 7000  <br \/>Zambia (27) (11) 361 7000  <br \/>Zimbabue (27) (11) 361 7000<\/p>\n\t\t\t\t\t\t\t\t<\/div>\n\t\t\t\t<\/div>\n\t\t\t\t\t<\/div>\n\t\t<\/div>\n\t\t\t\t\t<\/div>\n\t\t<\/section>\n\t\t\t\t<\/div>\n\t\t","protected":false},"excerpt":{"rendered":"<p>Estados Unidos (716) 871 2781 o (888) 352 7140 Reino Unido (44) (203) 147 4930 o (0) (800) 018 8354<\/p>\n","protected":false},"author":1,"featured_media":0,"parent":0,"menu_order":0,"comment_status":"closed","ping_status":"closed","template":"","meta":{"footnotes":""},"class_list":["post-22663","page","type-page","status-publish","hentry"],"jetpack_sharing_enabled":true,"_links":{"self":[{"href":"https:\/\/allgoodkeys.com\/es\/wp-json\/wp\/v2\/pages\/22663","targetHints":{"allow":["GET"]}}],"collection":[{"href":"https:\/\/allgoodkeys.com\/es\/wp-json\/wp\/v2\/pages"}],"about":[{"href":"https:\/\/allgoodkeys.com\/es\/wp-json\/wp\/v2\/types\/page"}],"author":[{"embeddable":true,"href":"https:\/\/allgoodkeys.com\/es\/wp-json\/wp\/v2\/users\/1"}],"replies":[{"embeddable":true,"href":"https:\/\/allgoodkeys.com\/es\/wp-json\/wp\/v2\/comments?post=22663"}],"version-history":[{"count":0,"href":"https:\/\/allgoodkeys.com\/es\/wp-json\/wp\/v2\/pages\/22663\/revisions"}],"wp:attachment":[{"href":"https:\/\/allgoodkeys.com\/es\/wp-json\/wp\/v2\/media?parent=22663"}],"curies":[{"name":"wp","href":"https:\/\/api.w.org\/{rel}","templated":true}]}}